{"id":9124,"date":"2022-05-17T15:10:07","date_gmt":"2022-05-17T20:10:07","guid":{"rendered":"https:\/\/trailforthjournal.com\/es\/?page_id=9124"},"modified":"2024-09-03T11:59:01","modified_gmt":"2024-09-03T16:59:01","slug":"galapagos","status":"publish","type":"page","link":"https:\/\/trailforthjournal.com\/es\/4regiones\/galapagos\/","title":{"rendered":"Islas Gal\u00e1pagos"},"content":{"rendered":"\t\t<div data-elementor-type=\"wp-page\" data-elementor-id=\"9124\" class=\"elementor elementor-9124\" data-elementor-post-type=\"page\">\n\t\t\t\t\t\t<section class=\"elementor-section elementor-top-section elementor-element elementor-element-38e2012 elementor-section-boxed elementor-section-height-default elementor-section-height-default wpr-particle-no wpr-jarallax-no wpr-parallax-no wpr-sticky-section-no wpr-equal-height-no\" data-id=\"38e2012\" data-element_type=\"section\" data-e-type=\"section\">\n\t\t\t\t\t\t<div class=\"elementor-container elementor-column-gap-default\">\n\t\t\t\t\t<div class=\"elementor-column elementor-col-100 elementor-top-column elementor-element elementor-element-1d0d8a4\" data-id=\"1d0d8a4\" data-element_type=\"column\" data-e-type=\"column\">\n\t\t\t<div class=\"elementor-widget-wrap elementor-element-populated\">\n\t\t\t\t\t\t<div class=\"elementor-element elementor-element-343cd82 elementor-widget elementor-widget-spacer\" data-id=\"343cd82\" data-element_type=\"widget\" data-e-type=\"widget\" data-widget_type=\"spacer.default\">\n\t\t\t\t<div class=\"elementor-widget-container\">\n\t\t\t\t\t\t\t<div class=\"elementor-spacer\">\n\t\t\t<div class=\"elementor-spacer-inner\"><\/div>\n\t\t<\/div>\n\t\t\t\t\t\t<\/div>\n\t\t\t\t<\/div>\n\t\t\t\t\t<\/div>\n\t\t<\/div>\n\t\t\t\t\t<\/div>\n\t\t<\/section>\n\t\t\t\t<section class=\"elementor-section elementor-top-section elementor-element elementor-element-9de6e56 elementor-section-boxed elementor-section-height-default elementor-section-height-default wpr-particle-no wpr-jarallax-no wpr-parallax-no wpr-sticky-section-no wpr-equal-height-no\" data-id=\"9de6e56\" data-element_type=\"section\" data-e-type=\"section\">\n\t\t\t\t\t\t<div class=\"elementor-container elementor-column-gap-default\">\n\t\t\t\t\t<div class=\"elementor-column elementor-col-100 elementor-top-column elementor-element elementor-element-13cfe92\" data-id=\"13cfe92\" data-element_type=\"column\" data-e-type=\"column\">\n\t\t\t<div class=\"elementor-widget-wrap elementor-element-populated\">\n\t\t\t\t\t\t<div class=\"elementor-element elementor-element-a71f445 elementor-widget elementor-widget-heading\" data-id=\"a71f445\" data-element_type=\"widget\" data-e-type=\"widget\" data-widget_type=\"heading.default\">\n\t\t\t\t<div class=\"elementor-widget-container\">\n\t\t\t\t\t<h1 class=\"elementor-heading-title elementor-size-default\">Las Islas Gal\u00e1pagos.<\/h1>\t\t\t\t<\/div>\n\t\t\t\t<\/div>\n\t\t\t\t\t<\/div>\n\t\t<\/div>\n\t\t\t\t\t<\/div>\n\t\t<\/section>\n\t\t\t\t<section class=\"elementor-section elementor-top-section elementor-element elementor-element-758e370 elementor-section-boxed elementor-section-height-default elementor-section-height-default wpr-particle-no wpr-jarallax-no wpr-parallax-no wpr-sticky-section-no wpr-equal-height-no\" data-id=\"758e370\" data-element_type=\"section\" data-e-type=\"section\">\n\t\t\t\t\t\t<div class=\"elementor-container elementor-column-gap-default\">\n\t\t\t\t\t<div class=\"elementor-column elementor-col-100 elementor-top-column elementor-element elementor-element-5f88e6c\" data-id=\"5f88e6c\" data-element_type=\"column\" data-e-type=\"column\">\n\t\t\t<div class=\"elementor-widget-wrap elementor-element-populated\">\n\t\t\t\t\t\t<div class=\"elementor-element elementor-element-1b7d026 elementor-widget elementor-widget-spacer\" data-id=\"1b7d026\" data-element_type=\"widget\" data-e-type=\"widget\" data-widget_type=\"spacer.default\">\n\t\t\t\t<div class=\"elementor-widget-container\">\n\t\t\t\t\t\t\t<div class=\"elementor-spacer\">\n\t\t\t<div class=\"elementor-spacer-inner\"><\/div>\n\t\t<\/div>\n\t\t\t\t\t\t<\/div>\n\t\t\t\t<\/div>\n\t\t\t\t\t<\/div>\n\t\t<\/div>\n\t\t\t\t\t<\/div>\n\t\t<\/section>\n\t\t\t\t<section class=\"elementor-section elementor-top-section elementor-element elementor-element-faeba8a elementor-section-boxed elementor-section-height-default elementor-section-height-default wpr-particle-no wpr-jarallax-no wpr-parallax-no wpr-sticky-section-no wpr-equal-height-no\" data-id=\"faeba8a\" data-element_type=\"section\" data-e-type=\"section\">\n\t\t\t\t\t\t<div class=\"elementor-container elementor-column-gap-default\">\n\t\t\t\t\t<div class=\"elementor-column elementor-col-100 elementor-top-column elementor-element elementor-element-e2920a6\" data-id=\"e2920a6\" data-element_type=\"column\" data-e-type=\"column\">\n\t\t\t<div class=\"elementor-widget-wrap elementor-element-populated\">\n\t\t\t\t\t\t<div class=\"elementor-element elementor-element-484efca elementor-widget elementor-widget-text-editor\" data-id=\"484efca\" data-element_type=\"widget\" data-e-type=\"widget\" data-widget_type=\"text-editor.default\">\n\t\t\t\t<div class=\"elementor-widget-container\">\n\t\t\t\t\t\t\t\t\t<p>Las islas Gal\u00e1pagos, que tanto inspiraron a Charles Darwin en 1535, cambiar\u00e1n la visi\u00f3n del mundo de muchos visitantes. Constituyen una regi\u00f3n extraordinaria, un universo alternativo con una extra\u00f1a colonia ut\u00f3pica organizada por leones marinos y regida por los principios de cooperaci\u00f3n mutua. Lo m\u00e1s extraordinario para los visitantes es la intrepidez de sus famosos habitantes. Ya sean los p\u00e1jaros bobos de patas azules o las iguanas de aspecto prehist\u00f3rico, todos los animales act\u00faan como si los humanos no fueran m\u00e1s que paparazis algo molestos. La visita a las islas sale cara, sin embargo, y la \u00fanica forma de conocer sus maravillas es mediante un crucero. Cabe la posibilidad de visitar cuatro de las islas de forma independiente, pero de esta forma no se podr\u00e1n ver tantos animales ni las islas m\u00e1s peque\u00f1as.<\/p>\t\t\t\t\t\t\t\t<\/div>\n\t\t\t\t<\/div>\n\t\t\t\t\t<\/div>\n\t\t<\/div>\n\t\t\t\t\t<\/div>\n\t\t<\/section>\n\t\t\t\t<section class=\"elementor-section elementor-top-section elementor-element elementor-element-61bfeca elementor-section-boxed elementor-section-height-default elementor-section-height-default wpr-particle-no wpr-jarallax-no wpr-parallax-no wpr-sticky-section-no wpr-equal-height-no\" data-id=\"61bfeca\" data-element_type=\"section\" data-e-type=\"section\">\n\t\t\t\t\t\t<div class=\"elementor-container elementor-column-gap-default\">\n\t\t\t\t\t<div class=\"elementor-column elementor-col-100 elementor-top-column elementor-element elementor-element-0a0a8c2\" data-id=\"0a0a8c2\" data-element_type=\"column\" data-e-type=\"column\">\n\t\t\t<div class=\"elementor-widget-wrap elementor-element-populated\">\n\t\t\t\t\t\t<div class=\"elementor-element elementor-element-192e999 elementor-widget elementor-widget-spacer\" data-id=\"192e999\" data-element_type=\"widget\" data-e-type=\"widget\" data-widget_type=\"spacer.default\">\n\t\t\t\t<div class=\"elementor-widget-container\">\n\t\t\t\t\t\t\t<div class=\"elementor-spacer\">\n\t\t\t<div class=\"elementor-spacer-inner\"><\/div>\n\t\t<\/div>\n\t\t\t\t\t\t<\/div>\n\t\t\t\t<\/div>\n\t\t\t\t\t<\/div>\n\t\t<\/div>\n\t\t\t\t\t<\/div>\n\t\t<\/section>\n\t\t\t\t<section data-pa-eq-height=\"{&quot;targetType&quot;:&quot;widget&quot;,&quot;target&quot;:&quot;&quot;,&quot;trigger&quot;:&quot;load&quot;,&quot;enableOn&quot;:[&quot;desktop&quot;,&quot;tablet&quot;,&quot;mobile&quot;]}\" class=\"elementor-section elementor-top-section elementor-element elementor-element-da61aeb premium-equal-height-yes elementor-section-boxed elementor-section-height-default elementor-section-height-default wpr-particle-no wpr-jarallax-no wpr-parallax-no wpr-sticky-section-no wpr-equal-height-no\" data-id=\"da61aeb\" data-element_type=\"section\" data-e-type=\"section\" data-settings=\"{&quot;premium_eq_height_switcher&quot;:&quot;yes&quot;}\">\n\t\t\t\t\t\t<div class=\"elementor-container elementor-column-gap-default\">\n\t\t\t\t\t<div class=\"elementor-column elementor-col-100 elementor-top-column elementor-element elementor-element-c220730\" data-id=\"c220730\" data-element_type=\"column\" data-e-type=\"column\">\n\t\t\t<div class=\"elementor-widget-wrap elementor-element-populated\">\n\t\t\t\t\t\t<div class=\"elementor-element elementor-element-ddf7f58 premium-blog-align-left elementor-widget elementor-widget-premium-addon-blog\" data-id=\"ddf7f58\" data-element_type=\"widget\" data-e-type=\"widget\" data-settings=\"{&quot;premium_blog_infinite_scroll&quot;:&quot;yes&quot;}\" data-widget_type=\"premium-addon-blog.default\">\n\t\t\t\t<div class=\"elementor-widget-container\">\n\t\t\t\t\t\t\t<div class=\"premium-error-notice\">\n\t\t\tLa consulta actual no tiene entradas. Por favor, aseg\u00farate de que has publicado art\u00edculos que coincidan con tu consulta.\t\t<\/div>\n\t\t\t\t\t\t<\/div>\n\t\t\t\t<\/div>\n\t\t\t\t\t<\/div>\n\t\t<\/div>\n\t\t\t\t\t<\/div>\n\t\t<\/section>\n\t\t\t\t<section class=\"elementor-section elementor-top-section elementor-element elementor-element-3eac9a2 elementor-section-boxed elementor-section-height-default elementor-section-height-default wpr-particle-no wpr-jarallax-no wpr-parallax-no wpr-sticky-section-no wpr-equal-height-no\" data-id=\"3eac9a2\" data-element_type=\"section\" data-e-type=\"section\">\n\t\t\t\t\t\t<div class=\"elementor-container elementor-column-gap-default\">\n\t\t\t\t\t<div class=\"elementor-column elementor-col-100 elementor-top-column elementor-element elementor-element-653676e\" data-id=\"653676e\" data-element_type=\"column\" data-e-type=\"column\">\n\t\t\t<div class=\"elementor-widget-wrap elementor-element-populated\">\n\t\t\t\t\t\t<div class=\"elementor-element elementor-element-2c76aae elementor-widget elementor-widget-spacer\" data-id=\"2c76aae\" data-element_type=\"widget\" data-e-type=\"widget\" data-widget_type=\"spacer.default\">\n\t\t\t\t<div class=\"elementor-widget-container\">\n\t\t\t\t\t\t\t<div class=\"elementor-spacer\">\n\t\t\t<div class=\"elementor-spacer-inner\"><\/div>\n\t\t<\/div>\n\t\t\t\t\t\t<\/div>\n\t\t\t\t<\/div>\n\t\t\t\t\t<\/div>\n\t\t<\/div>\n\t\t\t\t\t<\/div>\n\t\t<\/section>\n\t\t\t\t<\/div>\n\t\t","protected":false},"excerpt":{"rendered":"<p>Las Islas Gal\u00e1pagos. &lt;p&gt;Las islas Gal\u00e1pagos, que tanto inspiraron a Charles Darwin en 1535, cambiar\u00e1n la visi\u00f3n &hellip;<\/p>\n","protected":false},"author":1,"featured_media":1550,"parent":9122,"menu_order":1,"comment_status":"closed","ping_status":"closed","template":"elementor_header_footer","meta":{"_acf_changed":false,"jetpack_post_was_ever_published":false,"footnotes":""},"class_list":["post-9124","page","type-page","status-publish","has-post-thumbnail","hentry"],"acf":[],"yoast_head":"<!-- This site is optimized with the Yoast SEO Premium plugin v22.0 (Yoast SEO v27.4) - https:\/\/yoast.com\/product\/yoast-seo-premium-wordpress\/ -->\n<title>Islas Gal\u00e1pagos<\/title>\n<meta name=\"description\" content=\"Las islas Gal\u00e1pagos, que tanto inspiraron a Charles Darwin en 1535, cambiar\u00e1n la visi\u00f3n del mundo de muchos visitantes.\" \/>\n<meta name=\"robots\" content=\"index, follow, max-snippet:-1, max-image-preview:large, max-video-preview:-1\" \/>\n<link rel=\"canonical\" href=\"https:\/\/trailforthjournal.com\/es\/4regiones\/galapagos\/\" \/>\n<meta property=\"og:locale\" content=\"es_ES\" \/>\n<meta property=\"og:type\" content=\"article\" \/>\n<meta property=\"og:title\" content=\"Islas Gal\u00e1pagos\" \/>\n<meta property=\"og:description\" content=\"Las islas Gal\u00e1pagos, que tanto inspiraron a Charles Darwin en 1535, cambiar\u00e1n la visi\u00f3n del mundo de muchos visitantes.\" \/>\n<meta property=\"og:url\" content=\"https:\/\/trailforthjournal.com\/es\/4regiones\/galapagos\/\" \/>\n<meta property=\"og:site_name\" content=\"Trail Forth Journal\" \/>\n<meta property=\"article:publisher\" content=\"https:\/\/www.facebook.com\/trailforth\" \/>\n<meta property=\"article:modified_time\" content=\"2024-09-03T16:59:01+00:00\" \/>\n<meta property=\"og:image\" content=\"https:\/\/i0.wp.com\/trailforthjournal.com\/es\/wp-content\/uploads\/sites\/4\/2022\/01\/Galapagos_Islands-scaled.jpg?fit=2555%2C2560&ssl=1\" \/>\n\t<meta property=\"og:image:width\" content=\"2555\" \/>\n\t<meta property=\"og:image:height\" content=\"2560\" \/>\n\t<meta property=\"og:image:type\" content=\"image\/jpeg\" \/>\n<meta name=\"twitter:card\" content=\"summary_large_image\" \/>\n<meta name=\"twitter:description\" content=\"Las islas Gal\u00e1pagos, que tanto inspiraron a Charles Darwin en 1535, cambiar\u00e1n la visi\u00f3n del mundo de muchos visitantes.\" \/>\n<meta name=\"twitter:site\" content=\"@trailforth\" \/>\n<meta name=\"twitter:label1\" content=\"Tiempo de lectura\" \/>\n\t<meta name=\"twitter:data1\" content=\"2 minutos\" \/>\n<!-- \/ Yoast SEO Premium plugin. -->","yoast_head_json":{"title":"Islas Gal\u00e1pagos","description":"Las islas Gal\u00e1pagos, que tanto inspiraron a Charles Darwin en 1535, cambiar\u00e1n la visi\u00f3n del mundo de muchos visitantes.","robots":{"index":"index","follow":"follow","max-snippet":"max-snippet:-1","max-image-preview":"max-image-preview:large","max-video-preview":"max-video-preview:-1"},"canonical":"https:\/\/trailforthjournal.com\/es\/4regiones\/galapagos\/","og_locale":"es_ES","og_type":"article","og_title":"Islas Gal\u00e1pagos","og_description":"Las islas Gal\u00e1pagos, que tanto inspiraron a Charles Darwin en 1535, cambiar\u00e1n la visi\u00f3n del mundo de muchos visitantes.","og_url":"https:\/\/trailforthjournal.com\/es\/4regiones\/galapagos\/","og_site_name":"Trail Forth Journal","article_publisher":"https:\/\/www.facebook.com\/trailforth","article_modified_time":"2024-09-03T16:59:01+00:00","og_image":[{"width":2555,"height":2560,"url":"https:\/\/i0.wp.com\/trailforthjournal.com\/es\/wp-content\/uploads\/sites\/4\/2022\/01\/Galapagos_Islands-scaled.jpg?fit=2555%2C2560&ssl=1","type":"image\/jpeg"}],"twitter_card":"summary_large_image","twitter_description":"Las islas Gal\u00e1pagos, que tanto inspiraron a Charles Darwin en 1535, cambiar\u00e1n la visi\u00f3n del mundo de muchos visitantes.","twitter_site":"@trailforth","twitter_misc":{"Tiempo de lectura":"2 minutos"},"schema":{"@context":"https:\/\/schema.org","@graph":[{"@type":"NewsArticle","@id":"https:\/\/trailforthjournal.com\/es\/4regiones\/galapagos\/#article","isPartOf":{"@id":"https:\/\/trailforthjournal.com\/es\/4regiones\/galapagos\/"},"author":{"name":"jairocabrera","@id":"https:\/\/trailforthjournal.com\/es\/#\/schema\/person\/c38e1195d2fbb77206faaef3a81d4dad"},"headline":"Islas Gal\u00e1pagos","datePublished":"2022-05-17T20:10:07+00:00","dateModified":"2024-09-03T16:59:01+00:00","mainEntityOfPage":{"@id":"https:\/\/trailforthjournal.com\/es\/4regiones\/galapagos\/"},"wordCount":7,"publisher":{"@id":"https:\/\/trailforthjournal.com\/es\/#organization"},"image":{"@id":"https:\/\/trailforthjournal.com\/es\/4regiones\/galapagos\/#primaryimage"},"thumbnailUrl":"https:\/\/i0.wp.com\/trailforthjournal.com\/es\/wp-content\/uploads\/sites\/4\/2022\/01\/Galapagos_Islands-scaled.jpg?fit=2555%2C2560&ssl=1","inLanguage":"es"},{"@type":["WebPage","CollectionPage"],"@id":"https:\/\/trailforthjournal.com\/es\/4regiones\/galapagos\/","url":"https:\/\/trailforthjournal.com\/es\/4regiones\/galapagos\/","name":"Islas Gal\u00e1pagos","isPartOf":{"@id":"https:\/\/trailforthjournal.com\/es\/#website"},"primaryImageOfPage":{"@id":"https:\/\/trailforthjournal.com\/es\/4regiones\/galapagos\/#primaryimage"},"image":{"@id":"https:\/\/trailforthjournal.com\/es\/4regiones\/galapagos\/#primaryimage"},"thumbnailUrl":"https:\/\/i0.wp.com\/trailforthjournal.com\/es\/wp-content\/uploads\/sites\/4\/2022\/01\/Galapagos_Islands-scaled.jpg?fit=2555%2C2560&ssl=1","datePublished":"2022-05-17T20:10:07+00:00","dateModified":"2024-09-03T16:59:01+00:00","description":"Las islas Gal\u00e1pagos, que tanto inspiraron a Charles Darwin en 1535, cambiar\u00e1n la visi\u00f3n del mundo de muchos visitantes.","breadcrumb":{"@id":"https:\/\/trailforthjournal.com\/es\/4regiones\/galapagos\/#breadcrumb"},"inLanguage":"es"},{"@type":"ImageObject","inLanguage":"es","@id":"https:\/\/trailforthjournal.com\/es\/4regiones\/galapagos\/#primaryimage","url":"https:\/\/i0.wp.com\/trailforthjournal.com\/es\/wp-content\/uploads\/sites\/4\/2022\/01\/Galapagos_Islands-scaled.jpg?fit=2555%2C2560&ssl=1","contentUrl":"https:\/\/i0.wp.com\/trailforthjournal.com\/es\/wp-content\/uploads\/sites\/4\/2022\/01\/Galapagos_Islands-scaled.jpg?fit=2555%2C2560&ssl=1","width":2555,"height":2560,"caption":"Mapa satelital de la zona occidental de Gal\u00e1pagos, donde se aprecia la actividad volc\u00e1nica de Isabela y Fernandina"},{"@type":"BreadcrumbList","@id":"https:\/\/trailforthjournal.com\/es\/4regiones\/galapagos\/#breadcrumb","itemListElement":[{"@type":"ListItem","position":1,"name":"Portada","item":"https:\/\/trailforthjournal.com\/es\/"},{"@type":"ListItem","position":2,"name":"4 regiones de Ecuador","item":"https:\/\/trailforthjournal.com\/es\/4regiones\/"},{"@type":"ListItem","position":3,"name":"Islas Gal\u00e1pagos"}]},{"@type":"WebSite","@id":"https:\/\/trailforthjournal.com\/es\/#website","url":"https:\/\/trailforthjournal.com\/es\/","name":"Trail Forth Journal","description":"Make Life a Journey","publisher":{"@id":"https:\/\/trailforthjournal.com\/es\/#organization"},"alternateName":"Trail Forth Journal Espa\u00f1ol","potentialAction":[{"@type":"SearchAction","target":{"@type":"EntryPoint","urlTemplate":"https:\/\/trailforthjournal.com\/es\/?s={search_term_string}"},"query-input":{"@type":"PropertyValueSpecification","valueRequired":true,"valueName":"search_term_string"}}],"inLanguage":"es"},{"@type":["Organization","Place"],"@id":"https:\/\/trailforthjournal.com\/es\/#organization","name":"Trail Forth Journal","alternateName":"Trail Forth Journal Espa\u00f1ol","url":"https:\/\/trailforthjournal.com\/es\/","logo":{"@type":"ImageObject","inLanguage":"es","@id":"https:\/\/trailforthjournal.com\/es\/#\/schema\/logo\/image\/","url":"https:\/\/trailforthjournal.com\/es\/wp-content\/uploads\/sites\/4\/2022\/01\/Trail-Forth-Journal-PNG.png","contentUrl":"https:\/\/trailforthjournal.com\/es\/wp-content\/uploads\/sites\/4\/2022\/01\/Trail-Forth-Journal-PNG.png","width":2629,"height":2629,"caption":"Trail Forth Journal"},"image":{"@id":"https:\/\/trailforthjournal.com\/es\/#\/schema\/logo\/image\/"},"sameAs":["https:\/\/www.facebook.com\/trailforth","https:\/\/x.com\/trailforth","https:\/\/www.instagram.com\/trailforth\/"],"mainEntityOfPage":{"@id":"https:\/\/trailforthjournal.com\/es\/4regiones\/galapagos\/"}},{"@type":"Person","@id":"https:\/\/trailforthjournal.com\/es\/#\/schema\/person\/c38e1195d2fbb77206faaef3a81d4dad","name":"jairocabrera","image":{"@type":"ImageObject","inLanguage":"es","@id":"https:\/\/secure.gravatar.com\/avatar\/56722a61efc14e69ef47b9fbbb54f81138a4e882a78e644b52a4d66d41edcfc5?s=96&d=mm&r=g","url":"https:\/\/secure.gravatar.com\/avatar\/56722a61efc14e69ef47b9fbbb54f81138a4e882a78e644b52a4d66d41edcfc5?s=96&d=mm&r=g","contentUrl":"https:\/\/secure.gravatar.com\/avatar\/56722a61efc14e69ef47b9fbbb54f81138a4e882a78e644b52a4d66d41edcfc5?s=96&d=mm&r=g","caption":"jairocabrera"},"sameAs":["http:\/\/trailforthjournal.com"]}]}},"jetpack_shortlink":"https:\/\/wp.me\/PdrACa-2na","jetpack_sharing_enabled":true,"_links":{"self":[{"href":"https:\/\/trailforthjournal.com\/es\/wp-json\/wp\/v2\/pages\/9124","targetHints":{"allow":["GET"]}}],"collection":[{"href":"https:\/\/trailforthjournal.com\/es\/wp-json\/wp\/v2\/pages"}],"about":[{"href":"https:\/\/trailforthjournal.com\/es\/wp-json\/wp\/v2\/types\/page"}],"author":[{"embeddable":true,"href":"https:\/\/trailforthjournal.com\/es\/wp-json\/wp\/v2\/users\/1"}],"replies":[{"embeddable":true,"href":"https:\/\/trailforthjournal.com\/es\/wp-json\/wp\/v2\/comments?post=9124"}],"version-history":[{"count":0,"href":"https:\/\/trailforthjournal.com\/es\/wp-json\/wp\/v2\/pages\/9124\/revisions"}],"up":[{"embeddable":true,"href":"https:\/\/trailforthjournal.com\/es\/wp-json\/wp\/v2\/pages\/9122"}],"wp:featuredmedia":[{"embeddable":true,"href":"https:\/\/trailforthjournal.com\/es\/wp-json\/wp\/v2\/media\/1550"}],"wp:attachment":[{"href":"https:\/\/trailforthjournal.com\/es\/wp-json\/wp\/v2\/media?parent=9124"}],"curies":[{"name":"wp","href":"https:\/\/api.w.org\/{rel}","templated":true}]}}